
{"id":340,"date":"2023-04-27T02:59:51","date_gmt":"2023-04-27T02:59:51","guid":{"rendered":"https:\/\/www.fishterm.com\/blog\/?page_id=340"},"modified":"2023-04-27T03:02:50","modified_gmt":"2023-04-27T03:02:50","slug":"politique-de-confidentialite-de-fishterm","status":"publish","type":"page","link":"https:\/\/www.fishterm.com\/blog\/politique-de-confidentialite-de-fishterm\/","title":{"rendered":"Politique de confidentialit\u00e9 de FISHTERM"},"content":{"rendered":"<div class=\"header\">\n<div class=\"container\">\n<h1 class=\"title\">Politique de confidentialit\u00e9 de FISHTERM<\/h1>\n<\/div>\n<\/div>\n<div class=\"translations-content-container\">\n<div class=\"container\">\n<div id=\"en\" class=\"tab-content translations-content-item en visible\">\n<p>Derni\u00e8re mise \u00e0 jour : 27 Avril 2023<\/p>\n<p>Cette politique de confidentialit\u00e9 d\u00e9crit nos politiques et proc\u00e9dures sur la collecte, l&#8217;utilisation et la divulgation de vos informations lorsque vous utilisez le service et vous informe sur vos droits en mati\u00e8re de confidentialit\u00e9 et sur la mani\u00e8re dont la loi vous prot\u00e8ge.<\/p>\n<p>Nous utilisons vos donn\u00e9es personnelles pour fournir et am\u00e9liorer le service.\u00a0En utilisant le Service, Vous acceptez la collecte et l&#8217;utilisation d&#8217;informations conform\u00e9ment \u00e0 la pr\u00e9sente Politique de confidentialit\u00e9.<\/p>\n<h1><span id=\"Interpretation_and_Definitions\" class=\"ez-toc-section\"><\/span>Interpr\u00e9tation et d\u00e9finitions<\/h1>\n<h2><span id=\"Interpretation\" class=\"ez-toc-section\"><\/span>Interpr\u00e9tation<\/h2>\n<p>Les mots dont la lettre initiale est en majuscule ont des significations d\u00e9finies dans les conditions suivantes.\u00a0Les d\u00e9finitions suivantes auront la m\u00eame signification qu&#8217;elles apparaissent au singulier ou au pluriel.<\/p>\n<h2><span id=\"Definitions\" class=\"ez-toc-section\"><\/span>D\u00e9finitions<\/h2>\n<p>Aux fins de la pr\u00e9sente politique de confidentialit\u00e9\u00a0:<\/p>\n<ul>\n<li><strong><span class=\"\">Compte<\/span><\/strong><span class=\"\">\u00a0\u00a0d\u00e9signe un compte unique cr\u00e9\u00e9 pour vous permettre d&#8217;acc\u00e9der \u00e0 notre service ou \u00e0 des parties de notre service.<\/span><\/li>\n<li><strong>Affili\u00e9<\/strong>\u00a0\u00a0d\u00e9signe une entit\u00e9 qui contr\u00f4le, est contr\u00f4l\u00e9e par ou est sous contr\u00f4le commun avec une partie, o\u00f9 &#8220;contr\u00f4le&#8221; signifie la propri\u00e9t\u00e9 de 50\u00a0% ou plus des actions, participations ou autres titres habilit\u00e9s \u00e0 voter pour l&#8217;\u00e9lection des administrateurs ou autre autorit\u00e9 de gestion .<\/li>\n<li><strong>L&#8217;Application<\/strong>\u00a0\u00a0fait r\u00e9f\u00e9rence \u00e0 FISHTERM, le logiciel fourni par la Soci\u00e9t\u00e9.<\/li>\n<li><strong>La Soci\u00e9t\u00e9<\/strong>\u00a0(ci-apr\u00e8s d\u00e9nomm\u00e9e \u00ab\u00a0la Soci\u00e9t\u00e9\u00a0\u00bb, \u00ab\u00a0Nous\u00a0\u00bb, \u00ab\u00a0Notre\u00a0\u00bb ou \u00ab\u00a0Notre\u00a0\u00bb dans le pr\u00e9sent Contrat) fait r\u00e9f\u00e9rence \u00e0 FISHTERM\u2122, Yaound\u00e9, Cameroun.<\/li>\n<li><strong>Pays<\/strong>\u00a0\u00a0fait r\u00e9f\u00e9rence \u00e0\u00a0: Cameroun<\/li>\n<li><strong>Appareil<\/strong>\u00a0\u00a0d\u00e9signe tout appareil pouvant acc\u00e9der au Service tel qu&#8217;un ordinateur, un t\u00e9l\u00e9phone portable ou une tablette num\u00e9rique.<\/li>\n<li><strong>Les donn\u00e9es personnelles<\/strong>\u00a0\u00a0sont toutes les informations relatives \u00e0 une personne identifi\u00e9e ou identifiable.<\/li>\n<li><strong>Service<\/strong>\u00a0\u00a0fait r\u00e9f\u00e9rence \u00e0 l&#8217;Application.<\/li>\n<li><strong>Prestataire<\/strong>\u00a0\u00a0d\u00e9signe toute personne physique ou morale qui traite les donn\u00e9es pour le compte de la Soci\u00e9t\u00e9.\u00a0Il fait r\u00e9f\u00e9rence \u00e0 des soci\u00e9t\u00e9s tierces ou \u00e0 des personnes employ\u00e9es par la Soci\u00e9t\u00e9 pour faciliter le Service, pour fournir le Service au nom de la Soci\u00e9t\u00e9, pour effectuer des services li\u00e9s au Service ou pour aider la Soci\u00e9t\u00e9 \u00e0 analyser la mani\u00e8re dont le Service est utilis\u00e9.<\/li>\n<li><strong>Les donn\u00e9es d&#8217;utilisation<\/strong>\u00a0\u00a0font r\u00e9f\u00e9rence aux donn\u00e9es collect\u00e9es automatiquement, soit g\u00e9n\u00e9r\u00e9es par l&#8217;utilisation du service, soit \u00e0 partir de l&#8217;infrastructure du service elle-m\u00eame (par exemple, la dur\u00e9e d&#8217;une visite de page).<\/li>\n<li><strong>Vous<\/strong>\u00a0\u00a0d\u00e9signe la personne acc\u00e9dant ou utilisant le Service, ou la soci\u00e9t\u00e9 ou toute autre entit\u00e9 juridique au nom de laquelle cette personne acc\u00e8de ou utilise le Service, selon le cas.<\/li>\n<\/ul>\n<h1><span id=\"Collecting_and_Using_Your_Personal_Data\" class=\"ez-toc-section\"><\/span>Collecte et utilisation de vos donn\u00e9es personnelles<\/h1>\n<h2><span id=\"Types_of_Data_Collected\" class=\"ez-toc-section\"><\/span>Types de donn\u00e9es collect\u00e9es<\/h2>\n<h3><span id=\"Personal_Data\" class=\"ez-toc-section\"><\/span>Donn\u00e9es personnelles<\/h3>\n<p>Lors de l&#8217;utilisation de notre service, nous pouvons vous demander de nous fournir certaines informations personnellement identifiables qui peuvent \u00eatre utilis\u00e9es pour vous contacter ou vous identifier.\u00a0Les informations personnellement identifiables peuvent inclure, mais sans s&#8217;y limiter\u00a0:<\/p>\n<ul>\n<li>Adresse e-mail<\/li>\n<li>Pr\u00e9nom et nom<\/li>\n<li>Adresse, \u00c9tat, Province, Code postal\/ZIP, Ville<\/li>\n<li>Des donn\u00e9es d&#8217;utilisation<\/li>\n<\/ul>\n<h3><span id=\"Usage_Data\" class=\"ez-toc-section\"><\/span>Des donn\u00e9es d&#8217;utilisation<\/h3>\n<p>Les donn\u00e9es d&#8217;utilisation sont collect\u00e9es automatiquement lors de l&#8217;utilisation du service.<\/p>\n<p>Les donn\u00e9es d&#8217;utilisation peuvent inclure des informations telles que l&#8217;adresse de protocole Internet de votre appareil (par exemple, l&#8217;adresse IP), le type de navigateur, la version du navigateur, les pages de notre service que vous visitez, l&#8217;heure et la date de votre visite, le temps pass\u00e9 sur ces pages, l&#8217;appareil unique identifiants et autres donn\u00e9es de diagnostic.<\/p>\n<p>Lorsque vous acc\u00e9dez au service par ou via un appareil mobile, nous pouvons collecter certaines informations automatiquement, y compris, mais sans s&#8217;y limiter, le type d&#8217;appareil mobile que vous utilisez, l&#8217;identifiant unique de votre appareil mobile, l&#8217;adresse IP de votre appareil mobile, votre syst\u00e8me d&#8217;exploitation, le type de navigateur Internet mobile que vous utilisez, les identifiants uniques de l&#8217;appareil et d&#8217;autres donn\u00e9es de diagnostic.<\/p>\n<p>Nous pouvons \u00e9galement collecter des informations que votre navigateur envoie chaque fois que vous visitez notre service ou lorsque vous acc\u00e9dez au service par ou via un appareil mobile.<\/p>\n<h3><span id=\"Information_Collected_while_Using_the_Application\" class=\"ez-toc-section\"><\/span>Informations collect\u00e9es lors de l&#8217;utilisation de l&#8217;application<\/h3>\n<p>Lors de l&#8217;utilisation de Notre Application, afin de fournir des fonctionnalit\u00e9s de Notre Application, Nous pouvons collecter, avec Votre autorisation pr\u00e9alable\u00a0:<\/p>\n<ul>\n<li>Informations concernant votre emplacement<\/li>\n<\/ul>\n<p>Nous utilisons ces informations pour fournir des fonctionnalit\u00e9s de Notre Service, pour am\u00e9liorer et personnaliser Notre Service.\u00a0Les informations peuvent \u00eatre t\u00e9l\u00e9charg\u00e9es sur les serveurs de la soci\u00e9t\u00e9 et\/ou sur le serveur d&#8217;un fournisseur de services ou peuvent \u00eatre simplement stock\u00e9es sur votre appareil.<\/p>\n<p>Vous pouvez activer ou d\u00e9sactiver l&#8217;acc\u00e8s \u00e0 ces informations \u00e0 tout moment, via les param\u00e8tres de votre appareil.<\/p>\n<h2><span id=\"Use_of_Your_Personal_Data\" class=\"ez-toc-section\"><\/span>Utilisation de vos donn\u00e9es personnelles<\/h2>\n<p>La Soci\u00e9t\u00e9 peut utiliser les Donn\u00e9es Personnelles aux fins suivantes :<\/p>\n<ul>\n<li><strong>Pour fournir et maintenir notre Service<\/strong>\u00a0, y compris pour surveiller l&#8217;utilisation de notre Service.<\/li>\n<li><strong>Pour g\u00e9rer Votre Compte :<\/strong>\u00a0\u00a0pour g\u00e9rer Votre inscription en tant qu&#8217;utilisateur du Service.\u00a0Les donn\u00e9es personnelles que vous fournissez peuvent vous donner acc\u00e8s \u00e0 diff\u00e9rentes fonctionnalit\u00e9s du service qui sont \u00e0 votre disposition en tant qu&#8217;utilisateur enregistr\u00e9.<\/li>\n<li><strong>Pour l&#8217;ex\u00e9cution d&#8217;un contrat\u00a0:<\/strong>\u00a0\u00a0l&#8217;\u00e9laboration, la conformit\u00e9 et la r\u00e9alisation du contrat d&#8217;achat des produits, articles ou services que vous avez achet\u00e9s ou de tout autre contrat avec nous par le biais du service.<\/li>\n<li><strong>Pour vous contacter\u00a0:<\/strong>\u00a0\u00a0pour vous contacter par e-mail, appels t\u00e9l\u00e9phoniques, SMS ou autres formes \u00e9quivalentes de communication \u00e9lectronique, telles que les notifications push d&#8217;une application mobile concernant les mises \u00e0 jour ou les communications informatives relatives aux fonctionnalit\u00e9s, produits ou services sous contrat, y compris les mises \u00e0 jour de s\u00e9curit\u00e9, lorsque cela est n\u00e9cessaire ou raisonnable pour leur mise en \u0153uvre.<\/li>\n<li><strong>Pour vous fournir<\/strong>\u00a0\u00a0des actualit\u00e9s, des offres sp\u00e9ciales et des informations g\u00e9n\u00e9rales sur d&#8217;autres biens, services et \u00e9v\u00e9nements que nous proposons et qui sont similaires \u00e0 ceux que vous avez d\u00e9j\u00e0 achet\u00e9s ou demand\u00e9s, sauf si vous avez choisi de ne pas recevoir ces informations.<\/li>\n<li><strong>Pour g\u00e9rer vos demandes\u00a0:<\/strong>\u00a0\u00a0pour assister et g\u00e9rer vos demandes que vous nous adressez.<\/li>\n<li><strong>Pour les transferts d&#8217;entreprise\u00a0:<\/strong>\u00a0\u00a0nous pouvons utiliser vos informations pour \u00e9valuer ou mener une fusion, une cession, une restructuration, une r\u00e9organisation, une dissolution ou toute autre vente ou transfert de tout ou partie de nos actifs, que ce soit dans le cadre d&#8217;une entreprise en activit\u00e9 ou dans le cadre d&#8217;une faillite, d&#8217;une liquidation, ou proc\u00e9dure similaire, dans laquelle les donn\u00e9es personnelles que nous d\u00e9tenons sur les utilisateurs de nos services font partie des actifs transf\u00e9r\u00e9s.<\/li>\n<li><strong>\u00c0 d&#8217;autres fins<\/strong>\u00a0: nous pouvons utiliser vos informations \u00e0 d&#8217;autres fins, telles que l&#8217;analyse de donn\u00e9es, l&#8217;identification des tendances d&#8217;utilisation, la d\u00e9termination de l&#8217;efficacit\u00e9 de nos campagnes promotionnelles et pour \u00e9valuer et am\u00e9liorer notre service, nos produits, nos services, notre marketing et votre exp\u00e9rience.<\/li>\n<\/ul>\n<p>Nous pouvons partager vos informations personnelles dans les situations suivantes\u00a0:<\/p>\n<ul>\n<li><strong>Avec les fournisseurs de services\u00a0:<\/strong>\u00a0\u00a0nous pouvons partager vos informations personnelles avec des fournisseurs de services pour surveiller et analyser l&#8217;utilisation de notre service, pour vous contacter.<\/li>\n<li><strong>Pour les transferts d&#8217;entreprise\u00a0:<\/strong>\u00a0\u00a0nous pouvons partager ou transf\u00e9rer vos informations personnelles dans le cadre de, ou pendant les n\u00e9gociations de, toute fusion, vente d&#8217;actifs de la soci\u00e9t\u00e9, financement ou acquisition de tout ou partie de nos activit\u00e9s \u00e0 une autre soci\u00e9t\u00e9.<\/li>\n<li><strong>Avec les affili\u00e9s\u00a0:<\/strong>\u00a0\u00a0nous pouvons partager vos informations avec nos affili\u00e9s, auquel cas nous exigerons de ces affili\u00e9s qu&#8217;ils respectent la pr\u00e9sente politique de confidentialit\u00e9.\u00a0Les soci\u00e9t\u00e9s affili\u00e9es incluent notre soci\u00e9t\u00e9 m\u00e8re et toutes autres filiales, partenaires de coentreprise ou autres soci\u00e9t\u00e9s que nous contr\u00f4lons ou qui sont sous contr\u00f4le commun avec nous.<\/li>\n<li><strong>Avec des partenaires commerciaux\u00a0:<\/strong>\u00a0\u00a0nous pouvons partager vos informations avec nos partenaires commerciaux pour vous proposer certains produits, services ou promotions.<\/li>\n<li><strong>Avec d&#8217;autres utilisateurs\u00a0:<\/strong>\u00a0\u00a0lorsque vous partagez des informations personnelles ou interagissez autrement dans les zones publiques avec d&#8217;autres utilisateurs, ces informations peuvent \u00eatre vues par tous les utilisateurs et peuvent \u00eatre diffus\u00e9es publiquement \u00e0 l&#8217;ext\u00e9rieur.<\/li>\n<li><strong>Avec votre consentement<\/strong>\u00a0: Nous pouvons divulguer vos informations personnelles \u00e0 toute autre fin avec votre consentement.<\/li>\n<\/ul>\n<h2><span id=\"Retention_of_Your_Personal_Data\" class=\"ez-toc-section\"><\/span>Conservation de vos donn\u00e9es personnelles<\/h2>\n<p>La Soci\u00e9t\u00e9 ne conservera vos donn\u00e9es personnelles que le temps n\u00e9cessaire aux fins \u00e9nonc\u00e9es dans la pr\u00e9sente politique de confidentialit\u00e9.\u00a0Nous conserverons et utiliserons vos donn\u00e9es personnelles dans la mesure n\u00e9cessaire pour nous conformer \u00e0 nos obligations l\u00e9gales (par exemple, si nous sommes tenus de conserver vos donn\u00e9es pour nous conformer aux lois applicables), r\u00e9soudre les litiges et appliquer nos accords et politiques juridiques.<\/p>\n<p>La Soci\u00e9t\u00e9 conservera \u00e9galement les donn\u00e9es d&#8217;utilisation \u00e0 des fins d&#8217;analyse interne.\u00a0Les donn\u00e9es d&#8217;utilisation sont g\u00e9n\u00e9ralement conserv\u00e9es pendant une p\u00e9riode plus courte, sauf lorsque ces donn\u00e9es sont utilis\u00e9es pour renforcer la s\u00e9curit\u00e9 ou pour am\u00e9liorer la fonctionnalit\u00e9 de notre service, ou lorsque nous sommes l\u00e9galement tenus de conserver ces donn\u00e9es pendant des p\u00e9riodes plus longues.<\/p>\n<h2><span id=\"Transfer_of_Your_Personal_Data\" class=\"ez-toc-section\"><\/span>Transfert de vos donn\u00e9es personnelles<\/h2>\n<p>Vos informations, y compris les donn\u00e9es personnelles, sont trait\u00e9es dans les bureaux d&#8217;exploitation de la soci\u00e9t\u00e9 et dans tout autre lieu o\u00f9 se trouvent les parties impliqu\u00e9es dans le traitement.\u00a0Cela signifie que ces informations peuvent \u00eatre transf\u00e9r\u00e9es et conserv\u00e9es sur des ordinateurs situ\u00e9s en dehors de votre \u00e9tat, province, pays ou autre juridiction gouvernementale o\u00f9 les lois sur la protection des donn\u00e9es peuvent diff\u00e9rer de celles de votre juridiction.<\/p>\n<p>Votre consentement \u00e0 cette politique de confidentialit\u00e9 suivi de votre soumission de ces informations repr\u00e9sente votre accord \u00e0 ce transfert.<\/p>\n<p>La soci\u00e9t\u00e9 prendra toutes les mesures raisonnablement n\u00e9cessaires pour garantir que vos donn\u00e9es sont trait\u00e9es en toute s\u00e9curit\u00e9 et conform\u00e9ment \u00e0 la pr\u00e9sente politique de confidentialit\u00e9 et aucun transfert de vos donn\u00e9es personnelles n&#8217;aura lieu vers une organisation ou un pays \u00e0 moins que des contr\u00f4les ad\u00e9quats ne soient en place, y compris la s\u00e9curit\u00e9 de Vos donn\u00e9es et autres informations personnelles.<\/p>\n<h2><span id=\"Delete_Your_Personal_Data\" class=\"ez-toc-section\"><\/span>Supprimer vos donn\u00e9es personnelles<\/h2>\n<p>Vous avez le droit de supprimer ou de demander que nous vous aidions \u00e0 supprimer les donn\u00e9es personnelles que nous avons collect\u00e9es \u00e0 votre sujet.<\/p>\n<p>Notre service peut vous donner la possibilit\u00e9 de supprimer certaines informations vous concernant \u00e0 partir du service.<\/p>\n<p>Vous pouvez mettre \u00e0 jour, modifier ou supprimer vos informations \u00e0 tout moment en vous connectant \u00e0 votre compte, si vous en avez un, et en visitant la section des param\u00e8tres du compte qui vous permet de g\u00e9rer vos informations personnelles.\u00a0Vous pouvez \u00e9galement nous contacter pour demander l&#8217;acc\u00e8s, la correction ou la suppression de toute information personnelle que vous nous avez fournie.<\/p>\n<p>Veuillez noter, cependant, que nous pouvons avoir besoin de conserver certaines informations lorsque nous avons une obligation l\u00e9gale ou une base l\u00e9gale pour le faire.<\/p>\n<h2><span id=\"Disclosure_of_Your_Personal_Data\" class=\"ez-toc-section\"><\/span>Divulgation de vos donn\u00e9es personnelles<\/h2>\n<h3><span id=\"Business_Transactions\" class=\"ez-toc-section\"><\/span>Transactions commerciales<\/h3>\n<p>Si la Soci\u00e9t\u00e9 est impliqu\u00e9e dans une fusion, une acquisition ou une vente d&#8217;actifs, Vos Donn\u00e9es Personnelles peuvent \u00eatre transf\u00e9r\u00e9es.\u00a0Nous vous aviserons avant que vos donn\u00e9es personnelles ne soient transf\u00e9r\u00e9es et soumises \u00e0 une politique de confidentialit\u00e9 diff\u00e9rente.<\/p>\n<h3><span id=\"Law_enforcement\" class=\"ez-toc-section\"><\/span>Forces de l&#8217;ordre<\/h3>\n<p>Dans certaines circonstances, la Soci\u00e9t\u00e9 peut \u00eatre tenue de divulguer vos donn\u00e9es personnelles si la loi l&#8217;exige ou en r\u00e9ponse \u00e0 des demandes valables d&#8217;autorit\u00e9s publiques (par exemple, un tribunal ou une agence gouvernementale).<\/p>\n<h3><span id=\"Other_legal_requirements\" class=\"ez-toc-section\"><\/span>Autres exigences l\u00e9gales<\/h3>\n<p>La Soci\u00e9t\u00e9 peut divulguer vos donn\u00e9es personnelles en croyant de bonne foi qu&#8217;une telle action est n\u00e9cessaire pour\u00a0:<\/p>\n<ul>\n<li>Respecter une obligation l\u00e9gale<\/li>\n<li>Prot\u00e9ger et d\u00e9fendre les droits ou la propri\u00e9t\u00e9 de la Soci\u00e9t\u00e9<\/li>\n<li>Pr\u00e9venir ou enqu\u00eater sur d&#8217;\u00e9ventuels actes r\u00e9pr\u00e9hensibles en rapport avec le Service<\/li>\n<li>Prot\u00e9ger la s\u00e9curit\u00e9 personnelle des Utilisateurs du Service ou du public<\/li>\n<li>Prot\u00e9gez-vous contre la responsabilit\u00e9 l\u00e9gale<\/li>\n<\/ul>\n<h2><span id=\"Security_of_Your_Personal_Data\" class=\"ez-toc-section\"><\/span>S\u00e9curit\u00e9 de vos donn\u00e9es personnelles<\/h2>\n<p>La s\u00e9curit\u00e9 de vos donn\u00e9es personnelles est importante pour nous, mais rappelez-vous qu&#8217;aucune m\u00e9thode de transmission sur Internet ou m\u00e9thode de stockage \u00e9lectronique n&#8217;est s\u00e9curis\u00e9e \u00e0 100 %.\u00a0Bien que nous nous efforcions d&#8217;utiliser des moyens commercialement acceptables pour prot\u00e9ger vos donn\u00e9es personnelles, nous ne pouvons garantir leur s\u00e9curit\u00e9 absolue.<\/p>\n<h1><span id=\"Childrens_Privacy\" class=\"ez-toc-section\"><\/span>Confidentialit\u00e9 des enfants<\/h1>\n<p>Notre service ne s&#8217;adresse pas aux personnes de moins de 13 ans. Nous ne collectons pas sciemment d&#8217;informations personnellement identifiables aupr\u00e8s de personnes de moins de 13 ans. Si vous \u00eates un parent ou un tuteur et que vous savez que votre enfant nous a fourni des donn\u00e9es personnelles, veuillez Contactez-nous.\u00a0Si nous apprenons que nous avons collect\u00e9 des donn\u00e9es personnelles aupr\u00e8s d&#8217;une personne de moins de 13 ans sans v\u00e9rification du consentement parental, nous prenons des mesures pour supprimer ces informations de nos serveurs.<\/p>\n<p>Si nous devons nous fier au consentement comme base l\u00e9gale pour le traitement de vos informations et que votre pays exige le consentement d&#8217;un parent, nous pouvons exiger le consentement de votre parent avant de collecter et d&#8217;utiliser ces informations.<\/p>\n<h1><span id=\"Links_to_Other_Websites\" class=\"ez-toc-section\"><\/span>Liens vers d&#8217;autres sites Web<\/h1>\n<p>Notre service peut contenir des liens vers d&#8217;autres sites Web qui ne sont pas exploit\u00e9s par nous.\u00a0Si vous cliquez sur un lien tiers, vous serez dirig\u00e9 vers le site de ce tiers.\u00a0Nous vous conseillons vivement de consulter la politique de confidentialit\u00e9 de chaque site que vous visitez.<\/p>\n<p>Nous n&#8217;avons aucun contr\u00f4le et n&#8217;assumons aucune responsabilit\u00e9 quant au contenu, aux politiques de confidentialit\u00e9 ou aux pratiques des sites ou services tiers.<\/p>\n<h1><span id=\"Changes_to_this_Privacy_Policy\" class=\"ez-toc-section\"><\/span>Modifications de cette politique de confidentialit\u00e9<\/h1>\n<p>Nous pouvons mettre \u00e0 jour notre politique de confidentialit\u00e9 de temps \u00e0 autre.\u00a0Nous vous informerons de tout changement en publiant la nouvelle politique de confidentialit\u00e9 sur cette page.<\/p>\n<p>Nous vous informerons par e-mail et\/ou par un avis visible sur notre service, avant que le changement ne devienne effectif et mettrons \u00e0 jour la date de \u00ab\u00a0derni\u00e8re mise \u00e0 jour\u00a0\u00bb en haut de cette politique de confidentialit\u00e9.<\/p>\n<p>Il vous est conseill\u00e9 de consulter p\u00e9riodiquement cette politique de confidentialit\u00e9 pour tout changement.\u00a0Les modifications apport\u00e9es \u00e0 cette politique de confidentialit\u00e9 entrent en vigueur lorsqu&#8217;elles sont publi\u00e9es sur cette page.<\/p>\n<h1><span id=\"Contact_Us\" class=\"ez-toc-section\"><\/span>Nous contacter<\/h1>\n<p>Si vous avez des questions concernant cette politique de confidentialit\u00e9, vous pouvez nous contacter\u00a0:<\/p>\n<ul>\n<li>Par courriel :\u00a0\u00a0admin@fishterm.com<\/li>\n<\/ul>\n<\/div>\n<\/div>\n<\/div>\n","protected":false},"excerpt":{"rendered":"<p>Politique de confidentialit\u00e9 de FISHTERM Derni\u00e8re mise \u00e0 jour : 27 Avril 2023 Cette politique de confidentialit\u00e9 d\u00e9crit nos politiques [&hellip;]<\/p>\n","protected":false},"author":1,"featured_media":0,"parent":0,"menu_order":0,"comment_status":"closed","ping_status":"closed","template":"","meta":{"site-sidebar-layout":"default","site-content-layout":"","ast-site-content-layout":"default","site-content-style":"default","site-sidebar-style":"default","ast-global-header-display":"","ast-banner-title-visibility":"","ast-main-header-display":"","ast-hfb-above-header-display":"","ast-hfb-below-header-display":"","ast-hfb-mobile-header-display":"","site-post-title":"","ast-breadcrumbs-content":"","ast-featured-img":"","footer-sml-layout":"","ast-disable-related-posts":"","theme-transparent-header-meta":"","adv-header-id-meta":"","stick-header-meta":"","header-above-stick-meta":"","header-main-stick-meta":"","header-below-stick-meta":"","astra-migrate-meta-layouts":"default","ast-page-background-enabled":"default","ast-page-background-meta":{"desktop":{"background-color":"var(--ast-global-color-5)","background-image":"","background-repeat":"repeat","background-position":"center center","background-size":"auto","background-attachment":"scroll","background-type":"","background-media":"","overlay-type":"","overlay-color":"","overlay-opacity":"","overlay-gradient":""},"tablet":{"background-color":"","background-image":"","background-repeat":"repeat","background-position":"center center","background-size":"auto","background-attachment":"scroll","background-type":"","background-media":"","overlay-type":"","overlay-color":"","overlay-opacity":"","overlay-gradient":""},"mobile":{"background-color":"","background-image":"","background-repeat":"repeat","background-position":"center center","background-size":"auto","background-attachment":"scroll","background-type":"","background-media":"","overlay-type":"","overlay-color":"","overlay-opacity":"","overlay-gradient":""}},"ast-content-background-meta":{"desktop":{"background-color":"var(--ast-global-color-4)","background-image":"","background-repeat":"repeat","background-position":"center center","background-size":"auto","background-attachment":"scroll","background-type":"","background-media":"","overlay-type":"","overlay-color":"","overlay-opacity":"","overlay-gradient":""},"tablet":{"background-color":"var(--ast-global-color-4)","background-image":"","background-repeat":"repeat","background-position":"center center","background-size":"auto","background-attachment":"scroll","background-type":"","background-media":"","overlay-type":"","overlay-color":"","overlay-opacity":"","overlay-gradient":""},"mobile":{"background-color":"var(--ast-global-color-4)","background-image":"","background-repeat":"repeat","background-position":"center center","background-size":"auto","background-attachment":"scroll","background-type":"","background-media":"","overlay-type":"","overlay-color":"","overlay-opacity":"","overlay-gradient":""}},"footnotes":""},"class_list":["post-340","page","type-page","status-publish","hentry"],"_links":{"self":[{"href":"https:\/\/www.fishterm.com\/blog\/wp-json\/wp\/v2\/pages\/340","targetHints":{"allow":["GET"]}}],"collection":[{"href":"https:\/\/www.fishterm.com\/blog\/wp-json\/wp\/v2\/pages"}],"about":[{"href":"https:\/\/www.fishterm.com\/blog\/wp-json\/wp\/v2\/types\/page"}],"author":[{"embeddable":true,"href":"https:\/\/www.fishterm.com\/blog\/wp-json\/wp\/v2\/users\/1"}],"replies":[{"embeddable":true,"href":"https:\/\/www.fishterm.com\/blog\/wp-json\/wp\/v2\/comments?post=340"}],"version-history":[{"count":0,"href":"https:\/\/www.fishterm.com\/blog\/wp-json\/wp\/v2\/pages\/340\/revisions"}],"wp:attachment":[{"href":"https:\/\/www.fishterm.com\/blog\/wp-json\/wp\/v2\/media?parent=340"}],"curies":[{"name":"wp","href":"https:\/\/api.w.org\/{rel}","templated":true}]}}